{"id":2,"date":"2016-05-10T03:48:21","date_gmt":"2016-05-10T03:48:21","guid":{"rendered":"http:\/\/ebrukarakiraz.com.tr\/?page_id=2"},"modified":"2025-11-30T13:15:04","modified_gmt":"2025-11-30T13:15:04","slug":"sample-page","status":"publish","type":"page","link":"https:\/\/ebrukarakiraz.com.tr\/","title":{"rendered":""},"content":{"rendered":"\n<p class=\"has-text-align-left has-black-color has-text-color has-link-color has-large-font-size wp-elements-56b90d23540a74a217e8b490239d404d\"><strong>E\u011e\u0130T\u0130MLER<\/strong><\/p>\n\n\n\n<div class=\"wp-block-group is-layout-grid wp-container-core-group-is-layout-a048db89 wp-block-group-is-layout-grid\">\n<figure class=\"wp-block-image size-full\"><a href=\"https:\/\/www.shopier.com\/ebrukarakiraz\/22132814\"><img loading=\"lazy\" decoding=\"async\" width=\"250\" height=\"250\" src=\"http:\/\/ebrukarakiraz.com.tr\/wp-content\/uploads\/2025\/11\/ThetaHealing-Basic-DNA-Temel-Seviye-Egitimi.png\" alt=\"\" class=\"wp-image-72\" srcset=\"https:\/\/ebrukarakiraz.com.tr\/wp-content\/uploads\/2025\/11\/ThetaHealing-Basic-DNA-Temel-Seviye-Egitimi.png 250w, https:\/\/ebrukarakiraz.com.tr\/wp-content\/uploads\/2025\/11\/ThetaHealing-Basic-DNA-Temel-Seviye-Egitimi-150x150.png 150w\" sizes=\"auto, (max-width: 250px) 100vw, 250px\" \/><\/a><\/figure>\n\n\n\n<figure class=\"wp-block-image size-full\"><a href=\"https:\/\/www.shopier.com\/ebrukarakiraz\/22133293\"><img loading=\"lazy\" decoding=\"async\" width=\"250\" height=\"250\" src=\"http:\/\/ebrukarakiraz.com.tr\/wp-content\/uploads\/2025\/11\/ThetaHealing-Advanced-DNA-Ileri-Seviye-Egitimi.png\" alt=\"\" class=\"wp-image-71\" srcset=\"https:\/\/ebrukarakiraz.com.tr\/wp-content\/uploads\/2025\/11\/ThetaHealing-Advanced-DNA-Ileri-Seviye-Egitimi.png 250w, https:\/\/ebrukarakiraz.com.tr\/wp-content\/uploads\/2025\/11\/ThetaHealing-Advanced-DNA-Ileri-Seviye-Egitimi-150x150.png 150w\" sizes=\"auto, (max-width: 250px) 100vw, 250px\" \/><\/a><\/figure>\n\n\n\n<figure class=\"wp-block-image size-full\"><a href=\"https:\/\/www.shopier.com\/ebrukarakiraz\/22133330\"><img loading=\"lazy\" decoding=\"async\" width=\"250\" height=\"250\" src=\"http:\/\/ebrukarakiraz.com.tr\/wp-content\/uploads\/2025\/11\/ThetaHealing-You-amp-God-Sen-ve-Yaratici-Egitimi.png\" alt=\"\" class=\"wp-image-75\" srcset=\"https:\/\/ebrukarakiraz.com.tr\/wp-content\/uploads\/2025\/11\/ThetaHealing-You-amp-God-Sen-ve-Yaratici-Egitimi.png 250w, https:\/\/ebrukarakiraz.com.tr\/wp-content\/uploads\/2025\/11\/ThetaHealing-You-amp-God-Sen-ve-Yaratici-Egitimi-150x150.png 150w\" sizes=\"auto, (max-width: 250px) 100vw, 250px\" \/><\/a><\/figure>\n\n\n\n<figure class=\"wp-block-image size-full\"><a href=\"https:\/\/www.shopier.com\/ebrukarakiraz\/22133312\"><img loading=\"lazy\" decoding=\"async\" width=\"250\" height=\"250\" src=\"http:\/\/ebrukarakiraz.com.tr\/wp-content\/uploads\/2025\/11\/ThetaHealing-Dig-Deeper-Derin-Kazi-Egitimi.png\" alt=\"\" class=\"wp-image-73\" srcset=\"https:\/\/ebrukarakiraz.com.tr\/wp-content\/uploads\/2025\/11\/ThetaHealing-Dig-Deeper-Derin-Kazi-Egitimi.png 250w, https:\/\/ebrukarakiraz.com.tr\/wp-content\/uploads\/2025\/11\/ThetaHealing-Dig-Deeper-Derin-Kazi-Egitimi-150x150.png 150w\" sizes=\"auto, (max-width: 250px) 100vw, 250px\" \/><\/a><\/figure>\n<\/div>\n\n\n\n<p class=\"has-text-align-left has-black-color has-text-color has-link-color has-large-font-size wp-elements-35488371d41358398a3b8473814baec4\"><strong>AT\u00d6LYELER<\/strong><\/p>\n\n\n\n<div class=\"wp-block-group is-layout-grid wp-container-core-group-is-layout-0c2c35c3 wp-block-group-is-layout-grid\">\n<figure class=\"wp-block-image size-full\"><a href=\"https:\/\/www.shopier.com\/ebrukarakiraz\/23052230\"><img loading=\"lazy\" decoding=\"async\" width=\"250\" height=\"250\" src=\"http:\/\/ebrukarakiraz.com.tr\/wp-content\/uploads\/2025\/11\/ThetaHealing-Seansi.png\" alt=\"\" class=\"wp-image-74\" srcset=\"https:\/\/ebrukarakiraz.com.tr\/wp-content\/uploads\/2025\/11\/ThetaHealing-Seansi.png 250w, https:\/\/ebrukarakiraz.com.tr\/wp-content\/uploads\/2025\/11\/ThetaHealing-Seansi-150x150.png 150w\" sizes=\"auto, (max-width: 250px) 100vw, 250px\" \/><\/a><\/figure>\n\n\n\n<figure class=\"wp-block-image size-full\"><a href=\"https:\/\/www.shopier.com\/ebrukarakiraz\/22133576\"><img loading=\"lazy\" decoding=\"async\" width=\"250\" height=\"250\" src=\"http:\/\/ebrukarakiraz.com.tr\/wp-content\/uploads\/2025\/11\/Aile-Dizimi-ACILIM.png\" alt=\"\" class=\"wp-image-59\" srcset=\"https:\/\/ebrukarakiraz.com.tr\/wp-content\/uploads\/2025\/11\/Aile-Dizimi-ACILIM.png 250w, https:\/\/ebrukarakiraz.com.tr\/wp-content\/uploads\/2025\/11\/Aile-Dizimi-ACILIM-150x150.png 150w\" sizes=\"auto, (max-width: 250px) 100vw, 250px\" \/><\/a><\/figure>\n\n\n\n<figure class=\"wp-block-image size-full\"><a href=\"https:\/\/www.shopier.com\/ebrukarakiraz\/22133541\"><img loading=\"lazy\" decoding=\"async\" width=\"250\" height=\"250\" src=\"http:\/\/ebrukarakiraz.com.tr\/wp-content\/uploads\/2025\/11\/Aile-Dizimi-KATILIMCI.png\" alt=\"\" class=\"wp-image-60\" srcset=\"https:\/\/ebrukarakiraz.com.tr\/wp-content\/uploads\/2025\/11\/Aile-Dizimi-KATILIMCI.png 250w, https:\/\/ebrukarakiraz.com.tr\/wp-content\/uploads\/2025\/11\/Aile-Dizimi-KATILIMCI-150x150.png 150w\" sizes=\"auto, (max-width: 250px) 100vw, 250px\" \/><\/a><\/figure>\n\n\n\n<figure class=\"wp-block-image size-full\"><a href=\"https:\/\/www.shopier.com\/ebrukarakiraz\/27843198\"><img loading=\"lazy\" decoding=\"async\" width=\"250\" height=\"250\" src=\"http:\/\/ebrukarakiraz.com.tr\/wp-content\/uploads\/2025\/11\/BIREBIR-ONLINE-AILE-DIZIMI.png\" alt=\"\" class=\"wp-image-65\" srcset=\"https:\/\/ebrukarakiraz.com.tr\/wp-content\/uploads\/2025\/11\/BIREBIR-ONLINE-AILE-DIZIMI.png 250w, https:\/\/ebrukarakiraz.com.tr\/wp-content\/uploads\/2025\/11\/BIREBIR-ONLINE-AILE-DIZIMI-150x150.png 150w\" sizes=\"auto, (max-width: 250px) 100vw, 250px\" \/><\/a><\/figure>\n<\/div>\n\n\n\n<p class=\"has-white-color has-text-color has-link-color wp-elements-23e2aa0c8afd2b95f0dcfb7ce0a900dd\">&#8230;&#8230;&#8230;<\/p>\n\n\n\n<div class=\"wp-block-group is-layout-grid wp-container-core-group-is-layout-a048db89 wp-block-group-is-layout-grid\">\n<figure class=\"wp-block-image size-full\"><a href=\"https:\/\/www.shopier.com\/ebrukarakiraz\/22133411\"><img loading=\"lazy\" decoding=\"async\" width=\"250\" height=\"250\" src=\"http:\/\/ebrukarakiraz.com.tr\/wp-content\/uploads\/2025\/11\/Oz-deger-Nedir_-Ne-Degildir_-Atolyesi.png\" alt=\"\" class=\"wp-image-69\" srcset=\"https:\/\/ebrukarakiraz.com.tr\/wp-content\/uploads\/2025\/11\/Oz-deger-Nedir_-Ne-Degildir_-Atolyesi.png 250w, https:\/\/ebrukarakiraz.com.tr\/wp-content\/uploads\/2025\/11\/Oz-deger-Nedir_-Ne-Degildir_-Atolyesi-150x150.png 150w\" sizes=\"auto, (max-width: 250px) 100vw, 250px\" \/><\/a><\/figure>\n\n\n\n<figure class=\"wp-block-image size-full\"><a href=\"https:\/\/www.shopier.com\/ebrukarakiraz\/27843589\"><img loading=\"lazy\" decoding=\"async\" width=\"250\" height=\"250\" src=\"http:\/\/ebrukarakiraz.com.tr\/wp-content\/uploads\/2025\/11\/ANNE-KARNI.png\" alt=\"\" class=\"wp-image-63\" srcset=\"https:\/\/ebrukarakiraz.com.tr\/wp-content\/uploads\/2025\/11\/ANNE-KARNI.png 250w, https:\/\/ebrukarakiraz.com.tr\/wp-content\/uploads\/2025\/11\/ANNE-KARNI-150x150.png 150w\" sizes=\"auto, (max-width: 250px) 100vw, 250px\" \/><\/a><\/figure>\n\n\n\n<figure class=\"wp-block-image size-full\"><a href=\"https:\/\/www.shopier.com\/ebrukarakiraz\/22133440\"><img loading=\"lazy\" decoding=\"async\" width=\"250\" height=\"250\" src=\"http:\/\/ebrukarakiraz.com.tr\/wp-content\/uploads\/2025\/11\/Regresyon-Seansi.png\" alt=\"\" class=\"wp-image-70\" srcset=\"https:\/\/ebrukarakiraz.com.tr\/wp-content\/uploads\/2025\/11\/Regresyon-Seansi.png 250w, https:\/\/ebrukarakiraz.com.tr\/wp-content\/uploads\/2025\/11\/Regresyon-Seansi-150x150.png 150w\" sizes=\"auto, (max-width: 250px) 100vw, 250px\" \/><\/a><\/figure>\n\n\n\n<figure class=\"wp-block-image size-medium\"><a href=\"https:\/\/www.shopier.com\/ebrukarakiraz\/41141038\"><img loading=\"lazy\" decoding=\"async\" width=\"300\" height=\"300\" src=\"https:\/\/ebrukarakiraz.com.tr\/wp-content\/uploads\/2025\/11\/Grup-Uygulamasi-1-300x300.png\" alt=\"\" class=\"wp-image-258\" srcset=\"https:\/\/ebrukarakiraz.com.tr\/wp-content\/uploads\/2025\/11\/Grup-Uygulamasi-1-300x300.png 300w, https:\/\/ebrukarakiraz.com.tr\/wp-content\/uploads\/2025\/11\/Grup-Uygulamasi-1-150x150.png 150w, https:\/\/ebrukarakiraz.com.tr\/wp-content\/uploads\/2025\/11\/Grup-Uygulamasi-1.png 535w\" sizes=\"auto, (max-width: 300px) 100vw, 300px\" \/><\/a><\/figure>\n<\/div>\n\n\n\n<p class=\"has-white-color has-text-color has-link-color wp-elements-e302f7d0f53fe39d542b211fc3660ad4\">..<\/p>\n\n\n\n<div class=\"wp-block-group is-layout-grid wp-container-core-group-is-layout-a048db89 wp-block-group-is-layout-grid\">\n<figure class=\"wp-block-image size-full\"><a href=\"https:\/\/www.shopier.com\/ebrukarakiraz\/27843053\"><img loading=\"lazy\" decoding=\"async\" width=\"250\" height=\"250\" src=\"http:\/\/ebrukarakiraz.com.tr\/wp-content\/uploads\/2025\/11\/5-ATOLYE-KAMPANYASI-FIYAT.png\" alt=\"\" class=\"wp-image-54\" srcset=\"https:\/\/ebrukarakiraz.com.tr\/wp-content\/uploads\/2025\/11\/5-ATOLYE-KAMPANYASI-FIYAT.png 250w, https:\/\/ebrukarakiraz.com.tr\/wp-content\/uploads\/2025\/11\/5-ATOLYE-KAMPANYASI-FIYAT-150x150.png 150w\" sizes=\"auto, (max-width: 250px) 100vw, 250px\" \/><\/a><\/figure>\n\n\n\n<figure class=\"wp-block-image size-full\"><a href=\"https:\/\/www.shopier.com\/ebrukarakiraz\/27842964\"><img loading=\"lazy\" decoding=\"async\" width=\"250\" height=\"250\" src=\"http:\/\/ebrukarakiraz.com.tr\/wp-content\/uploads\/2025\/11\/ANNE-ILISKISI-1.-MODUL-ONLINE-ATOLYE.png\" alt=\"\" class=\"wp-image-61\" srcset=\"https:\/\/ebrukarakiraz.com.tr\/wp-content\/uploads\/2025\/11\/ANNE-ILISKISI-1.-MODUL-ONLINE-ATOLYE.png 250w, https:\/\/ebrukarakiraz.com.tr\/wp-content\/uploads\/2025\/11\/ANNE-ILISKISI-1.-MODUL-ONLINE-ATOLYE-150x150.png 150w\" sizes=\"auto, (max-width: 250px) 100vw, 250px\" \/><\/a><\/figure>\n\n\n\n<figure class=\"wp-block-image size-full\"><a href=\"https:\/\/www.shopier.com\/ebrukarakiraz\/27842966\"><img loading=\"lazy\" decoding=\"async\" width=\"250\" height=\"250\" src=\"http:\/\/ebrukarakiraz.com.tr\/wp-content\/uploads\/2025\/11\/ANNE-ILISKISI-2.-MODUL-ONLINE-ATOLYE.png\" alt=\"\" class=\"wp-image-62\" srcset=\"https:\/\/ebrukarakiraz.com.tr\/wp-content\/uploads\/2025\/11\/ANNE-ILISKISI-2.-MODUL-ONLINE-ATOLYE.png 250w, https:\/\/ebrukarakiraz.com.tr\/wp-content\/uploads\/2025\/11\/ANNE-ILISKISI-2.-MODUL-ONLINE-ATOLYE-150x150.png 150w\" sizes=\"auto, (max-width: 250px) 100vw, 250px\" \/><\/a><\/figure>\n\n\n\n<figure class=\"wp-block-image size-full\"><a href=\"https:\/\/www.shopier.com\/ebrukarakiraz\/27842961\"><img loading=\"lazy\" decoding=\"async\" width=\"250\" height=\"250\" src=\"http:\/\/ebrukarakiraz.com.tr\/wp-content\/uploads\/2025\/11\/BABA-ILISKISI-ONLINE-ATOLYE.png\" alt=\"\" class=\"wp-image-64\" srcset=\"https:\/\/ebrukarakiraz.com.tr\/wp-content\/uploads\/2025\/11\/BABA-ILISKISI-ONLINE-ATOLYE.png 250w, https:\/\/ebrukarakiraz.com.tr\/wp-content\/uploads\/2025\/11\/BABA-ILISKISI-ONLINE-ATOLYE-150x150.png 150w\" sizes=\"auto, (max-width: 250px) 100vw, 250px\" \/><\/a><\/figure>\n<\/div>\n\n\n\n<p class=\"has-white-color has-text-color has-link-color wp-elements-7e4ac651328708ea719ac0894fa30934\">.<\/p>\n\n\n\n<div class=\"wp-block-group is-layout-grid wp-container-core-group-is-layout-a048db89 wp-block-group-is-layout-grid\">\n<figure class=\"wp-block-image size-full\"><a href=\"https:\/\/www.shopier.com\/ebrukarakiraz\/27842968\"><img loading=\"lazy\" decoding=\"async\" width=\"250\" height=\"250\" src=\"http:\/\/ebrukarakiraz.com.tr\/wp-content\/uploads\/2025\/11\/AILE-BAGLARI-ONLINE-ATOLYE.png\" alt=\"\" class=\"wp-image-57\" srcset=\"https:\/\/ebrukarakiraz.com.tr\/wp-content\/uploads\/2025\/11\/AILE-BAGLARI-ONLINE-ATOLYE.png 250w, https:\/\/ebrukarakiraz.com.tr\/wp-content\/uploads\/2025\/11\/AILE-BAGLARI-ONLINE-ATOLYE-150x150.png 150w\" sizes=\"auto, (max-width: 250px) 100vw, 250px\" \/><\/a><\/figure>\n\n\n\n<figure class=\"wp-block-image size-full\"><a href=\"https:\/\/www.shopier.com\/ebrukarakiraz\/27842979\"><img loading=\"lazy\" decoding=\"async\" width=\"250\" height=\"250\" src=\"http:\/\/ebrukarakiraz.com.tr\/wp-content\/uploads\/2025\/11\/VAROLUS-ONLINE-ATOLYE.png\" alt=\"\" class=\"wp-image-76\" srcset=\"https:\/\/ebrukarakiraz.com.tr\/wp-content\/uploads\/2025\/11\/VAROLUS-ONLINE-ATOLYE.png 250w, https:\/\/ebrukarakiraz.com.tr\/wp-content\/uploads\/2025\/11\/VAROLUS-ONLINE-ATOLYE-150x150.png 150w\" sizes=\"auto, (max-width: 250px) 100vw, 250px\" \/><\/a><\/figure>\n\n\n\n<figure class=\"wp-block-image size-full\"><a href=\"https:\/\/www.shopier.com\/ebrukarakiraz\/23051975\"><img loading=\"lazy\" decoding=\"async\" width=\"250\" height=\"250\" src=\"http:\/\/ebrukarakiraz.com.tr\/wp-content\/uploads\/2025\/11\/Hygieia-Hestia-Seansi.png\" alt=\"\" class=\"wp-image-68\" srcset=\"https:\/\/ebrukarakiraz.com.tr\/wp-content\/uploads\/2025\/11\/Hygieia-Hestia-Seansi.png 250w, https:\/\/ebrukarakiraz.com.tr\/wp-content\/uploads\/2025\/11\/Hygieia-Hestia-Seansi-150x150.png 150w\" sizes=\"auto, (max-width: 250px) 100vw, 250px\" \/><\/a><\/figure>\n\n\n\n<figure class=\"wp-block-image size-full\"><a href=\"https:\/\/www.shopier.com\/ebrukarakiraz\/22133360\"><img loading=\"lazy\" decoding=\"async\" width=\"250\" height=\"250\" src=\"http:\/\/ebrukarakiraz.com.tr\/wp-content\/uploads\/2025\/11\/Cocuklarda-Duygu-Regulasyonu-Seansi.png\" alt=\"\" class=\"wp-image-67\" srcset=\"https:\/\/ebrukarakiraz.com.tr\/wp-content\/uploads\/2025\/11\/Cocuklarda-Duygu-Regulasyonu-Seansi.png 250w, https:\/\/ebrukarakiraz.com.tr\/wp-content\/uploads\/2025\/11\/Cocuklarda-Duygu-Regulasyonu-Seansi-150x150.png 150w\" sizes=\"auto, (max-width: 250px) 100vw, 250px\" \/><\/a><\/figure>\n<\/div>\n\n\n\n<p class=\"has-white-color has-text-color has-link-color wp-elements-7e4ac651328708ea719ac0894fa30934\">.<\/p>\n\n\n\n<div class=\"wp-block-group is-layout-grid wp-container-core-group-is-layout-a048db89 wp-block-group-is-layout-grid\">\n<figure class=\"wp-block-image size-full\"><a href=\"https:\/\/www.shopier.com\/ebrukarakiraz\/22133501\"><img loading=\"lazy\" decoding=\"async\" width=\"250\" height=\"250\" src=\"http:\/\/ebrukarakiraz.com.tr\/wp-content\/uploads\/2025\/11\/Aile-Danismanligi-.png\" alt=\"\" class=\"wp-image-58\" srcset=\"https:\/\/ebrukarakiraz.com.tr\/wp-content\/uploads\/2025\/11\/Aile-Danismanligi-.png 250w, https:\/\/ebrukarakiraz.com.tr\/wp-content\/uploads\/2025\/11\/Aile-Danismanligi--150x150.png 150w\" sizes=\"auto, (max-width: 250px) 100vw, 250px\" \/><\/a><\/figure>\n\n\n\n<figure class=\"wp-block-image size-full\"><a href=\"https:\/\/www.shopier.com\/ebrukarakiraz\/22133460\"><img loading=\"lazy\" decoding=\"async\" width=\"250\" height=\"250\" src=\"http:\/\/ebrukarakiraz.com.tr\/wp-content\/uploads\/2025\/11\/Ademler-Atolyesi.png\" alt=\"\" class=\"wp-image-56\" srcset=\"https:\/\/ebrukarakiraz.com.tr\/wp-content\/uploads\/2025\/11\/Ademler-Atolyesi.png 250w, https:\/\/ebrukarakiraz.com.tr\/wp-content\/uploads\/2025\/11\/Ademler-Atolyesi-150x150.png 150w\" sizes=\"auto, (max-width: 250px) 100vw, 250px\" \/><\/a><\/figure>\n\n\n\n<figure class=\"wp-block-image size-full\"><a href=\"https:\/\/www.shopier.com\/ebrukarakiraz\/22133384\"><img loading=\"lazy\" decoding=\"async\" width=\"250\" height=\"250\" src=\"http:\/\/ebrukarakiraz.com.tr\/wp-content\/uploads\/2025\/11\/7-Gun-7-Cakra.png\" alt=\"\" class=\"wp-image-55\" srcset=\"https:\/\/ebrukarakiraz.com.tr\/wp-content\/uploads\/2025\/11\/7-Gun-7-Cakra.png 250w, https:\/\/ebrukarakiraz.com.tr\/wp-content\/uploads\/2025\/11\/7-Gun-7-Cakra-150x150.png 150w\" sizes=\"auto, (max-width: 250px) 100vw, 250px\" \/><\/a><\/figure>\n<\/div>\n\n\n\n<p class=\"has-white-color has-text-color has-link-color wp-elements-7e4ac651328708ea719ac0894fa30934\">.<\/p>\n\n\n\n<p class=\"has-white-color has-text-color has-link-color wp-elements-7e4ac651328708ea719ac0894fa30934\">.<\/p>\n\n\n\n<p class=\"has-text-align-left has-black-color has-text-color has-link-color has-large-font-size wp-elements-dc271bc3422d11c684bb478e6f5f4671\"><strong>\u00dcR\u00dcNLER<\/strong><\/p>\n\n\n\n<div class=\"wp-block-group is-layout-grid wp-container-core-group-is-layout-9649a0d9 wp-block-group-is-layout-grid\"><\/div>\n\n\n\n<div class=\"wp-block-group is-layout-grid wp-container-core-group-is-layout-b42cc6be wp-block-group-is-layout-grid\">\n<figure class=\"wp-block-image size-full\"><a href=\"https:\/\/www.shopier.com\/ebrukarakiraz\/25204800\"><img loading=\"lazy\" decoding=\"async\" width=\"250\" height=\"250\" src=\"https:\/\/ebrukarakiraz.com.tr\/wp-content\/uploads\/2025\/11\/BOLLUK-BEREKET-CUZDANI.png\" alt=\"\" class=\"wp-image-66\" srcset=\"https:\/\/ebrukarakiraz.com.tr\/wp-content\/uploads\/2025\/11\/BOLLUK-BEREKET-CUZDANI.png 250w, https:\/\/ebrukarakiraz.com.tr\/wp-content\/uploads\/2025\/11\/BOLLUK-BEREKET-CUZDANI-150x150.png 150w\" sizes=\"auto, (max-width: 250px) 100vw, 250px\" \/><\/a><\/figure>\n\n\n\n<figure class=\"wp-block-image size-medium\"><a href=\"https:\/\/www.shopier.com\/ebrukarakiraz\/25204654\"><img loading=\"lazy\" decoding=\"async\" width=\"300\" height=\"300\" src=\"https:\/\/ebrukarakiraz.com.tr\/wp-content\/uploads\/2025\/11\/Adsiz-tasarim-1-300x300.png\" alt=\"\" class=\"wp-image-125\" srcset=\"https:\/\/ebrukarakiraz.com.tr\/wp-content\/uploads\/2025\/11\/Adsiz-tasarim-1-300x300.png 300w, https:\/\/ebrukarakiraz.com.tr\/wp-content\/uploads\/2025\/11\/Adsiz-tasarim-1-1024x1024.png 1024w, https:\/\/ebrukarakiraz.com.tr\/wp-content\/uploads\/2025\/11\/Adsiz-tasarim-1-150x150.png 150w, https:\/\/ebrukarakiraz.com.tr\/wp-content\/uploads\/2025\/11\/Adsiz-tasarim-1-768x768.png 768w, https:\/\/ebrukarakiraz.com.tr\/wp-content\/uploads\/2025\/11\/Adsiz-tasarim-1.png 1080w\" sizes=\"auto, (max-width: 300px) 100vw, 300px\" \/><\/a><\/figure>\n\n\n\n<figure class=\"wp-block-image size-medium wp-container-content-0d18e1c1\"><a href=\"https:\/\/www.shopier.com\/ebrukarakiraz\/25517872\"><img loading=\"lazy\" decoding=\"async\" width=\"300\" height=\"300\" src=\"https:\/\/ebrukarakiraz.com.tr\/wp-content\/uploads\/2025\/11\/ebrukarakiraz_f9bab44e11c4016802bdbff52ee43085-300x300.png\" alt=\"\" class=\"wp-image-126\" srcset=\"https:\/\/ebrukarakiraz.com.tr\/wp-content\/uploads\/2025\/11\/ebrukarakiraz_f9bab44e11c4016802bdbff52ee43085-300x300.png 300w, https:\/\/ebrukarakiraz.com.tr\/wp-content\/uploads\/2025\/11\/ebrukarakiraz_f9bab44e11c4016802bdbff52ee43085-150x150.png 150w, https:\/\/ebrukarakiraz.com.tr\/wp-content\/uploads\/2025\/11\/ebrukarakiraz_f9bab44e11c4016802bdbff52ee43085-768x768.png 768w, https:\/\/ebrukarakiraz.com.tr\/wp-content\/uploads\/2025\/11\/ebrukarakiraz_f9bab44e11c4016802bdbff52ee43085.png 1000w\" sizes=\"auto, (max-width: 300px) 100vw, 300px\" \/><\/a><\/figure>\n<\/div>\n\n\n\n<p><\/p>\n","protected":false},"excerpt":{"rendered":"<p>E\u011e\u0130T\u0130MLER AT\u00d6LYELER &#8230;&#8230;&#8230; .. . . . . \u00dcR\u00dcNLER<\/p>\n","protected":false},"author":1,"featured_media":0,"parent":0,"menu_order":0,"comment_status":"closed","ping_status":"open","template":"","meta":{"footnotes":""},"categories":[],"tags":[],"class_list":["post-2","page","type-page","status-publish","hentry"],"_links":{"self":[{"href":"https:\/\/ebrukarakiraz.com.tr\/index.php?rest_route=\/wp\/v2\/pages\/2","targetHints":{"allow":["GET"]}}],"collection":[{"href":"https:\/\/ebrukarakiraz.com.tr\/index.php?rest_route=\/wp\/v2\/pages"}],"about":[{"href":"https:\/\/ebrukarakiraz.com.tr\/index.php?rest_route=\/wp\/v2\/types\/page"}],"author":[{"embeddable":true,"href":"https:\/\/ebrukarakiraz.com.tr\/index.php?rest_route=\/wp\/v2\/users\/1"}],"replies":[{"embeddable":true,"href":"https:\/\/ebrukarakiraz.com.tr\/index.php?rest_route=%2Fwp%2Fv2%2Fcomments&post=2"}],"version-history":[{"count":38,"href":"https:\/\/ebrukarakiraz.com.tr\/index.php?rest_route=\/wp\/v2\/pages\/2\/revisions"}],"predecessor-version":[{"id":290,"href":"https:\/\/ebrukarakiraz.com.tr\/index.php?rest_route=\/wp\/v2\/pages\/2\/revisions\/290"}],"wp:attachment":[{"href":"https:\/\/ebrukarakiraz.com.tr\/index.php?rest_route=%2Fwp%2Fv2%2Fmedia&parent=2"}],"wp:term":[{"taxonomy":"category","embeddable":true,"href":"https:\/\/ebrukarakiraz.com.tr\/index.php?rest_route=%2Fwp%2Fv2%2Fcategories&post=2"},{"taxonomy":"post_tag","embeddable":true,"href":"https:\/\/ebrukarakiraz.com.tr\/index.php?rest_route=%2Fwp%2Fv2%2Ftags&post=2"}],"curies":[{"name":"wp","href":"https:\/\/api.w.org\/{rel}","templated":true}]}}